{"id":5774,"date":"2023-08-31T13:04:32","date_gmt":"2023-08-31T13:04:32","guid":{"rendered":"https:\/\/colorz.com.tr\/colorz\/?post_type=product&#038;p=5774"},"modified":"2026-01-19T10:40:37","modified_gmt":"2026-01-19T10:40:37","slug":"color-or-not-kartpostal-agac","status":"publish","type":"product","link":"https:\/\/colorz.com.tr\/colorz\/?product=color-or-not-kartpostal-agac","title":{"rendered":"COLOR OR NOT KARTPOSTAL &#8211; A\u011fa\u00e7"},"content":{"rendered":"<p>Kar\u015f\u0131n\u0131zda g\u00f6rd\u00fc\u011f\u00fcn\u00fcz suluboyalar elde teker teker \u00fcretilmi\u015ftir.<\/p>\n<p>Renklerin koyu olarak g\u00f6r\u00fcnmesinin sebebi yo\u011fun pigment oran\u0131 sebebiyledir.<\/p>\n<p>\u0130yi dileklerinizi \u00f6zel tasarlanm\u0131\u015f Color or Not kartpostala yazd\u0131ktan sonra kartpostal\u0131 boyay\u0131p ya da boyamadan oldu\u011fu gibi hediye edebilirsiniz. Tasar\u0131m s\u00fcrecimiz bu \u00f6zelli\u011fi \u00f6n planda tutarak yap\u0131lm\u0131\u015ft\u0131r.<\/p>\n<p>Kartpostal\u0131n\u0131z\u0131 haz\u0131rlad\u0131ktan sonra suluboyalar bitmeyecektir. suluboyalar\u0131n oldu\u011fu k\u0131sm\u0131 \u00e7ekerek kopart\u0131p di\u011fer projeleriniz i\u00e7in yan\u0131n\u0131zda ta\u015f\u0131yabilirsiniz.<\/p>\n<p>Hayat\u0131n t\u00fcm renkleri sizinle olsun!<\/p>\n<p>&nbsp;<\/p>\n","protected":false},"excerpt":{"rendered":"<p>Kar\u015f\u0131n\u0131zda g\u00f6rd\u00fc\u011f\u00fcn\u00fcz suluboyalar elde teker teker \u00fcretilmi\u015ftir.<\/p>\n<p>Renklerin koyu olarak g\u00f6r\u00fcnmesinin sebebi yo\u011fun pigment oran\u0131 sebebiyledir.<\/p>\n<p>\u0130yi dileklerinizi \u00f6zel tasarlanm\u0131\u015f Color or Not kartpostala yazd\u0131ktan sonra kartpostal\u0131 boyay\u0131p ya da boyamadan oldu\u011fu gibi hediye edebilirsiniz. Tasar\u0131m s\u00fcrecimiz bu \u00f6zelli\u011fi \u00f6n planda tutarak yap\u0131lm\u0131\u015ft\u0131r.<\/p>\n<p>Kartpostal\u0131n\u0131z\u0131 haz\u0131rlad\u0131ktan sonra suluboyalar bitmeyecektir. suluboyalar\u0131n oldu\u011fu k\u0131sm\u0131 \u00e7ekerek kopart\u0131p di\u011fer projeleriniz i\u00e7in yan\u0131n\u0131zda ta\u015f\u0131yabilirsiniz.<\/p>\n<p>Hayat\u0131n t\u00fcm renkleri sizinle olsun!<\/p>\n<p>&nbsp;<\/p>\n","protected":false},"featured_media":6008,"template":"","meta":{"site-sidebar-layout":"default","site-content-layout":"default","ast-site-content-layout":"default","site-content-style":"default","site-sidebar-style":"default","ast-global-header-display":"","ast-banner-title-visibility":"","ast-main-header-display":"","ast-hfb-above-header-display":"","ast-hfb-below-header-display":"","ast-hfb-mobile-header-display":"","site-post-title":"","ast-breadcrumbs-content":"","ast-featured-img":"","footer-sml-layout":"","theme-transparent-header-meta":"default","adv-header-id-meta":"","stick-header-meta":"","header-above-stick-meta":"","header-main-stick-meta":"","header-below-stick-meta":"","astra-migrate-meta-layouts":"default","ast-page-background-enabled":"default","ast-page-background-meta":{"desktop":{"background-color":"","background-image":"","background-repeat":"repeat","background-position":"center center","background-size":"auto","background-attachment":"scroll","background-type":"","background-media":"","overlay-type":"","overlay-color":"","overlay-opacity":"","overlay-gradient":""},"tablet":{"background-color":"","background-image":"","background-repeat":"repeat","background-position":"center center","background-size":"auto","background-attachment":"scroll","background-type":"","background-media":"","overlay-type":"","overlay-color":"","overlay-opacity":"","overlay-gradient":""},"mobile":{"background-color":"","background-image":"","background-repeat":"repeat","background-position":"center center","background-size":"auto","background-attachment":"scroll","background-type":"","background-media":"","overlay-type":"","overlay-color":"","overlay-opacity":"","overlay-gradient":""}},"ast-content-background-meta":{"desktop":{"background-color":"var(--ast-global-color-5)","background-image":"","background-repeat":"repeat","background-position":"center center","background-size":"auto","background-attachment":"scroll","background-type":"","background-media":"","overlay-type":"","overlay-color":"","overlay-opacity":"","overlay-gradient":""},"tablet":{"background-color":"var(--ast-global-color-5)","background-image":"","background-repeat":"repeat","background-position":"center center","background-size":"auto","background-attachment":"scroll","background-type":"","background-media":"","overlay-type":"","overlay-color":"","overlay-opacity":"","overlay-gradient":""},"mobile":{"background-color":"var(--ast-global-color-5)","background-image":"","background-repeat":"repeat","background-position":"center center","background-size":"auto","background-attachment":"scroll","background-type":"","background-media":"","overlay-type":"","overlay-color":"","overlay-opacity":"","overlay-gradient":""}}},"product_brand":[],"product_cat":[70,77,67,61],"product_tag":[],"class_list":{"0":"post-5774","1":"product","2":"type-product","3":"status-publish","4":"has-post-thumbnail","6":"product_cat-colorornot","7":"product_cat-tum-urunler","8":"product_cat-yetiskin","9":"product_cat-suluboya","10":"desktop-align-center","11":"tablet-align-center","12":"mobile-align-center","14":"first","15":"instock","16":"taxable","17":"shipping-taxable","18":"purchasable","19":"product-type-simple"},"_links":{"self":[{"href":"https:\/\/colorz.com.tr\/colorz\/index.php?rest_route=\/wp\/v2\/product\/5774","targetHints":{"allow":["GET"]}}],"collection":[{"href":"https:\/\/colorz.com.tr\/colorz\/index.php?rest_route=\/wp\/v2\/product"}],"about":[{"href":"https:\/\/colorz.com.tr\/colorz\/index.php?rest_route=\/wp\/v2\/types\/product"}],"wp:featuredmedia":[{"embeddable":true,"href":"https:\/\/colorz.com.tr\/colorz\/index.php?rest_route=\/wp\/v2\/media\/6008"}],"wp:attachment":[{"href":"https:\/\/colorz.com.tr\/colorz\/index.php?rest_route=%2Fwp%2Fv2%2Fmedia&parent=5774"}],"wp:term":[{"taxonomy":"product_brand","embeddable":true,"href":"https:\/\/colorz.com.tr\/colorz\/index.php?rest_route=%2Fwp%2Fv2%2Fproduct_brand&post=5774"},{"taxonomy":"product_cat","embeddable":true,"href":"https:\/\/colorz.com.tr\/colorz\/index.php?rest_route=%2Fwp%2Fv2%2Fproduct_cat&post=5774"},{"taxonomy":"product_tag","embeddable":true,"href":"https:\/\/colorz.com.tr\/colorz\/index.php?rest_route=%2Fwp%2Fv2%2Fproduct_tag&post=5774"}],"curies":[{"name":"wp","href":"https:\/\/api.w.org\/{rel}","templated":true}]}}