{"id":5766,"date":"2023-08-31T12:55:33","date_gmt":"2023-08-31T12:55:33","guid":{"rendered":"https:\/\/colorz.com.tr\/colorz\/?post_type=product&#038;p=5766"},"modified":"2026-01-19T10:40:01","modified_gmt":"2026-01-19T10:40:01","slug":"su-hazneli-firca","status":"publish","type":"product","link":"https:\/\/colorz.com.tr\/colorz\/?product=su-hazneli-firca","title":{"rendered":"SU HAZNEL\u0130 FIR\u00c7A"},"content":{"rendered":"<p>Seyahatlerinizde su kab\u0131na ayr\u0131ca ihtiya\u00e7 duymadan yan\u0131n\u0131zda ta\u015f\u0131yabilece\u011finiz su hazneli f\u0131r\u00e7ay\u0131 sizlere sunuyoruz.<\/p>\n","protected":false},"excerpt":{"rendered":"<p>Seyahatlerinizde su kab\u0131na ayr\u0131ca ihtiya\u00e7 duymadan yan\u0131n\u0131zda ta\u015f\u0131yabilece\u011finiz su hazneli f\u0131r\u00e7ay\u0131 sizlere sunuyoruz.<\/p>\n","protected":false},"featured_media":5770,"template":"","meta":{"site-sidebar-layout":"default","site-content-layout":"default","ast-site-content-layout":"default","site-content-style":"default","site-sidebar-style":"default","ast-global-header-display":"","ast-banner-title-visibility":"","ast-main-header-display":"","ast-hfb-above-header-display":"","ast-hfb-below-header-display":"","ast-hfb-mobile-header-display":"","site-post-title":"","ast-breadcrumbs-content":"","ast-featured-img":"","footer-sml-layout":"","theme-transparent-header-meta":"default","adv-header-id-meta":"","stick-header-meta":"","header-above-stick-meta":"","header-main-stick-meta":"","header-below-stick-meta":"","astra-migrate-meta-layouts":"default","ast-page-background-enabled":"default","ast-page-background-meta":{"desktop":{"background-color":"","background-image":"","background-repeat":"repeat","background-position":"center center","background-size":"auto","background-attachment":"scroll","background-type":"","background-media":"","overlay-type":"","overlay-color":"","overlay-opacity":"","overlay-gradient":""},"tablet":{"background-color":"","background-image":"","background-repeat":"repeat","background-position":"center center","background-size":"auto","background-attachment":"scroll","background-type":"","background-media":"","overlay-type":"","overlay-color":"","overlay-opacity":"","overlay-gradient":""},"mobile":{"background-color":"","background-image":"","background-repeat":"repeat","background-position":"center center","background-size":"auto","background-attachment":"scroll","background-type":"","background-media":"","overlay-type":"","overlay-color":"","overlay-opacity":"","overlay-gradient":""}},"ast-content-background-meta":{"desktop":{"background-color":"var(--ast-global-color-5)","background-image":"","background-repeat":"repeat","background-position":"center center","background-size":"auto","background-attachment":"scroll","background-type":"","background-media":"","overlay-type":"","overlay-color":"","overlay-opacity":"","overlay-gradient":""},"tablet":{"background-color":"var(--ast-global-color-5)","background-image":"","background-repeat":"repeat","background-position":"center center","background-size":"auto","background-attachment":"scroll","background-type":"","background-media":"","overlay-type":"","overlay-color":"","overlay-opacity":"","overlay-gradient":""},"mobile":{"background-color":"var(--ast-global-color-5)","background-image":"","background-repeat":"repeat","background-position":"center center","background-size":"auto","background-attachment":"scroll","background-type":"","background-media":"","overlay-type":"","overlay-color":"","overlay-opacity":"","overlay-gradient":""}}},"product_brand":[],"product_cat":[76,68,77,67,61],"product_tag":[],"class_list":{"0":"post-5766","1":"product","2":"type-product","3":"status-publish","4":"has-post-thumbnail","6":"product_cat-aksesuarlar","7":"product_cat-cocuk","8":"product_cat-tum-urunler","9":"product_cat-yetiskin","10":"product_cat-suluboya","11":"desktop-align-center","12":"tablet-align-center","13":"mobile-align-center","15":"first","16":"instock","17":"taxable","18":"shipping-taxable","19":"purchasable","20":"product-type-simple"},"_links":{"self":[{"href":"https:\/\/colorz.com.tr\/colorz\/index.php?rest_route=\/wp\/v2\/product\/5766","targetHints":{"allow":["GET"]}}],"collection":[{"href":"https:\/\/colorz.com.tr\/colorz\/index.php?rest_route=\/wp\/v2\/product"}],"about":[{"href":"https:\/\/colorz.com.tr\/colorz\/index.php?rest_route=\/wp\/v2\/types\/product"}],"wp:featuredmedia":[{"embeddable":true,"href":"https:\/\/colorz.com.tr\/colorz\/index.php?rest_route=\/wp\/v2\/media\/5770"}],"wp:attachment":[{"href":"https:\/\/colorz.com.tr\/colorz\/index.php?rest_route=%2Fwp%2Fv2%2Fmedia&parent=5766"}],"wp:term":[{"taxonomy":"product_brand","embeddable":true,"href":"https:\/\/colorz.com.tr\/colorz\/index.php?rest_route=%2Fwp%2Fv2%2Fproduct_brand&post=5766"},{"taxonomy":"product_cat","embeddable":true,"href":"https:\/\/colorz.com.tr\/colorz\/index.php?rest_route=%2Fwp%2Fv2%2Fproduct_cat&post=5766"},{"taxonomy":"product_tag","embeddable":true,"href":"https:\/\/colorz.com.tr\/colorz\/index.php?rest_route=%2Fwp%2Fv2%2Fproduct_tag&post=5766"}],"curies":[{"name":"wp","href":"https:\/\/api.w.org\/{rel}","templated":true}]}}