{"id":5764,"date":"2023-08-31T12:48:50","date_gmt":"2023-08-31T12:48:50","guid":{"rendered":"https:\/\/colorz.com.tr\/colorz\/?post_type=product&#038;p=5764"},"modified":"2026-01-19T10:39:41","modified_gmt":"2026-01-19T10:39:41","slug":"cam-muller","status":"publish","type":"product","link":"https:\/\/colorz.com.tr\/colorz\/?product=cam-muller","title":{"rendered":"CAM M\u00dcLLER"},"content":{"rendered":"<p>Boya yapmaya ilk ba\u015flad\u0131\u011f\u0131mda T\u00fcrkiye\u2019de bulamad\u0131\u011f\u0131m i\u00e7in \u00f6zel yapt\u0131rd\u0131\u011f\u0131m ve hala \u00fclkemizde bulunmayan kendi boyan\u0131z\u0131 yapman\u0131z\u0131 sa\u011flayacak 10 cm (+-1\/2cm) \u00f6zel el yap\u0131m\u0131 cam m\u00fclleri sizlere sunuyoruz.<\/p>\n<p>Keyifle kendi renklerinizi olu\u015fturman\u0131z dile\u011fi ile<\/p>\n","protected":false},"excerpt":{"rendered":"<p>Boya yapmaya ilk ba\u015flad\u0131\u011f\u0131mda T\u00fcrkiye\u2019de bulamad\u0131\u011f\u0131m i\u00e7in \u00f6zel yapt\u0131rd\u0131\u011f\u0131m ve hala \u00fclkemizde bulunmayan kendi boyan\u0131z\u0131 yapman\u0131z\u0131 sa\u011flayacak 10 cm (+-1\/2cm) \u00f6zel el yap\u0131m\u0131 cam m\u00fclleri sizlere sunuyoruz.<\/p>\n<p>Keyifle kendi renklerinizi olu\u015fturman\u0131z dile\u011fi ile<\/p>\n","protected":false},"featured_media":5723,"template":"","meta":{"site-sidebar-layout":"default","site-content-layout":"default","ast-site-content-layout":"default","site-content-style":"default","site-sidebar-style":"default","ast-global-header-display":"","ast-banner-title-visibility":"","ast-main-header-display":"","ast-hfb-above-header-display":"","ast-hfb-below-header-display":"","ast-hfb-mobile-header-display":"","site-post-title":"","ast-breadcrumbs-content":"","ast-featured-img":"","footer-sml-layout":"","theme-transparent-header-meta":"default","adv-header-id-meta":"","stick-header-meta":"","header-above-stick-meta":"","header-main-stick-meta":"","header-below-stick-meta":"","astra-migrate-meta-layouts":"default","ast-page-background-enabled":"default","ast-page-background-meta":{"desktop":{"background-color":"","background-image":"","background-repeat":"repeat","background-position":"center center","background-size":"auto","background-attachment":"scroll","background-type":"","background-media":"","overlay-type":"","overlay-color":"","overlay-opacity":"","overlay-gradient":""},"tablet":{"background-color":"","background-image":"","background-repeat":"repeat","background-position":"center center","background-size":"auto","background-attachment":"scroll","background-type":"","background-media":"","overlay-type":"","overlay-color":"","overlay-opacity":"","overlay-gradient":""},"mobile":{"background-color":"","background-image":"","background-repeat":"repeat","background-position":"center center","background-size":"auto","background-attachment":"scroll","background-type":"","background-media":"","overlay-type":"","overlay-color":"","overlay-opacity":"","overlay-gradient":""}},"ast-content-background-meta":{"desktop":{"background-color":"var(--ast-global-color-5)","background-image":"","background-repeat":"repeat","background-position":"center center","background-size":"auto","background-attachment":"scroll","background-type":"","background-media":"","overlay-type":"","overlay-color":"","overlay-opacity":"","overlay-gradient":""},"tablet":{"background-color":"var(--ast-global-color-5)","background-image":"","background-repeat":"repeat","background-position":"center center","background-size":"auto","background-attachment":"scroll","background-type":"","background-media":"","overlay-type":"","overlay-color":"","overlay-opacity":"","overlay-gradient":""},"mobile":{"background-color":"var(--ast-global-color-5)","background-image":"","background-repeat":"repeat","background-position":"center center","background-size":"auto","background-attachment":"scroll","background-type":"","background-media":"","overlay-type":"","overlay-color":"","overlay-opacity":"","overlay-gradient":""}}},"product_brand":[],"product_cat":[76,67],"product_tag":[],"class_list":{"0":"post-5764","1":"product","2":"type-product","3":"status-publish","4":"has-post-thumbnail","6":"product_cat-aksesuarlar","7":"product_cat-yetiskin","8":"desktop-align-center","9":"tablet-align-center","10":"mobile-align-center","12":"first","13":"instock","14":"taxable","15":"shipping-taxable","16":"purchasable","17":"product-type-simple"},"_links":{"self":[{"href":"https:\/\/colorz.com.tr\/colorz\/index.php?rest_route=\/wp\/v2\/product\/5764","targetHints":{"allow":["GET"]}}],"collection":[{"href":"https:\/\/colorz.com.tr\/colorz\/index.php?rest_route=\/wp\/v2\/product"}],"about":[{"href":"https:\/\/colorz.com.tr\/colorz\/index.php?rest_route=\/wp\/v2\/types\/product"}],"wp:featuredmedia":[{"embeddable":true,"href":"https:\/\/colorz.com.tr\/colorz\/index.php?rest_route=\/wp\/v2\/media\/5723"}],"wp:attachment":[{"href":"https:\/\/colorz.com.tr\/colorz\/index.php?rest_route=%2Fwp%2Fv2%2Fmedia&parent=5764"}],"wp:term":[{"taxonomy":"product_brand","embeddable":true,"href":"https:\/\/colorz.com.tr\/colorz\/index.php?rest_route=%2Fwp%2Fv2%2Fproduct_brand&post=5764"},{"taxonomy":"product_cat","embeddable":true,"href":"https:\/\/colorz.com.tr\/colorz\/index.php?rest_route=%2Fwp%2Fv2%2Fproduct_cat&post=5764"},{"taxonomy":"product_tag","embeddable":true,"href":"https:\/\/colorz.com.tr\/colorz\/index.php?rest_route=%2Fwp%2Fv2%2Fproduct_tag&post=5764"}],"curies":[{"name":"wp","href":"https:\/\/api.w.org\/{rel}","templated":true}]}}