{"id":245,"date":"2018-06-20T07:25:44","date_gmt":"2018-06-20T07:25:44","guid":{"rendered":"https:\/\/colorz.com.tr\/colorz\/product\/handpicked-red-chillies\/"},"modified":"2026-01-19T10:37:04","modified_gmt":"2026-01-19T10:37:04","slug":"aquacolorz","status":"publish","type":"product","link":"https:\/\/colorz.com.tr\/colorz\/?product=aquacolorz","title":{"rendered":"SULANDIRILAB\u0130L\u0130R VEGAN KALEM PASTEL BOYA SET\u0130 (AQUACOLORZ)"},"content":{"rendered":"<p>Suland\u0131r\u0131labilir<br \/>\nTekstilden ve duvardan rahat\u00e7a \u00e7\u0131kabilen<br \/>\nCam, metal ve plastik y\u00fczeylere kolayca uygulan\u0131p silinebilen<br \/>\nVegan<br \/>\nEl yap\u0131m\u0131<br \/>\nT\u00fcrkiye\u2019de \u00fcretilen boyalar\u0131m\u0131z sizlerle<\/p>\n","protected":false},"excerpt":{"rendered":"<p>Suland\u0131r\u0131labilir<br \/>\nTekstilden ve duvardan rahat\u00e7a \u00e7\u0131kabilen<br \/>\nCam, metal ve plastik y\u00fczeylere kolayca uygulan\u0131p silinebilen<br \/>\nVegan<br \/>\nEl yap\u0131m\u0131<br \/>\nT\u00fcrkiye\u2019de \u00fcretilen boyalar\u0131m\u0131z sizlerle<\/p>\n","protected":false},"featured_media":5516,"template":"","meta":{"site-sidebar-layout":"default","site-content-layout":"default","ast-site-content-layout":"default","site-content-style":"default","site-sidebar-style":"default","ast-global-header-display":"","ast-banner-title-visibility":"","ast-main-header-display":"","ast-hfb-above-header-display":"","ast-hfb-below-header-display":"","ast-hfb-mobile-header-display":"","site-post-title":"","ast-breadcrumbs-content":"","ast-featured-img":"","footer-sml-layout":"","theme-transparent-header-meta":"default","adv-header-id-meta":"","stick-header-meta":"","header-above-stick-meta":"","header-main-stick-meta":"","header-below-stick-meta":"","astra-migrate-meta-layouts":"default","ast-page-background-enabled":"default","ast-page-background-meta":{"desktop":{"background-color":"","background-image":"","background-repeat":"repeat","background-position":"center center","background-size":"auto","background-attachment":"scroll","background-type":"","background-media":"","overlay-type":"","overlay-color":"","overlay-opacity":"","overlay-gradient":""},"tablet":{"background-color":"","background-image":"","background-repeat":"repeat","background-position":"center center","background-size":"auto","background-attachment":"scroll","background-type":"","background-media":"","overlay-type":"","overlay-color":"","overlay-opacity":"","overlay-gradient":""},"mobile":{"background-color":"","background-image":"","background-repeat":"repeat","background-position":"center center","background-size":"auto","background-attachment":"scroll","background-type":"","background-media":"","overlay-type":"","overlay-color":"","overlay-opacity":"","overlay-gradient":""}},"ast-content-background-meta":{"desktop":{"background-color":"var(--ast-global-color-5)","background-image":"","background-repeat":"repeat","background-position":"center center","background-size":"auto","background-attachment":"scroll","background-type":"","background-media":"","overlay-type":"","overlay-color":"","overlay-opacity":"","overlay-gradient":""},"tablet":{"background-color":"var(--ast-global-color-5)","background-image":"","background-repeat":"repeat","background-position":"center center","background-size":"auto","background-attachment":"scroll","background-type":"","background-media":"","overlay-type":"","overlay-color":"","overlay-opacity":"","overlay-gradient":""},"mobile":{"background-color":"var(--ast-global-color-5)","background-image":"","background-repeat":"repeat","background-position":"center center","background-size":"auto","background-attachment":"scroll","background-type":"","background-media":"","overlay-type":"","overlay-color":"","overlay-opacity":"","overlay-gradient":""}}},"product_brand":[],"product_cat":[68,74,77,67,60,61],"product_tag":[64,63,62],"class_list":{"0":"post-245","1":"product","2":"type-product","3":"status-publish","4":"has-post-thumbnail","6":"product_cat-cocuk","7":"product_cat-sectiklerimiz","8":"product_cat-tum-urunler","9":"product_cat-yetiskin","10":"product_cat-pastel-boya","11":"product_cat-suluboya","12":"product_tag-kalem-seklinde-boya","13":"product_tag-pastel-boya","14":"product_tag-vegan","15":"desktop-align-center","16":"tablet-align-center","17":"mobile-align-center","19":"first","20":"instock","21":"featured","22":"taxable","23":"shipping-taxable","24":"purchasable","25":"product-type-simple"},"_links":{"self":[{"href":"https:\/\/colorz.com.tr\/colorz\/index.php?rest_route=\/wp\/v2\/product\/245","targetHints":{"allow":["GET"]}}],"collection":[{"href":"https:\/\/colorz.com.tr\/colorz\/index.php?rest_route=\/wp\/v2\/product"}],"about":[{"href":"https:\/\/colorz.com.tr\/colorz\/index.php?rest_route=\/wp\/v2\/types\/product"}],"wp:featuredmedia":[{"embeddable":true,"href":"https:\/\/colorz.com.tr\/colorz\/index.php?rest_route=\/wp\/v2\/media\/5516"}],"wp:attachment":[{"href":"https:\/\/colorz.com.tr\/colorz\/index.php?rest_route=%2Fwp%2Fv2%2Fmedia&parent=245"}],"wp:term":[{"taxonomy":"product_brand","embeddable":true,"href":"https:\/\/colorz.com.tr\/colorz\/index.php?rest_route=%2Fwp%2Fv2%2Fproduct_brand&post=245"},{"taxonomy":"product_cat","embeddable":true,"href":"https:\/\/colorz.com.tr\/colorz\/index.php?rest_route=%2Fwp%2Fv2%2Fproduct_cat&post=245"},{"taxonomy":"product_tag","embeddable":true,"href":"https:\/\/colorz.com.tr\/colorz\/index.php?rest_route=%2Fwp%2Fv2%2Fproduct_tag&post=245"}],"curies":[{"name":"wp","href":"https:\/\/api.w.org\/{rel}","templated":true}]}}