{"id":170,"date":"2018-06-19T13:45:22","date_gmt":"2018-06-19T13:45:22","guid":{"rendered":"https:\/\/colorz.com.tr\/colorz\/product\/natural-extracted-olive-oil\/"},"modified":"2026-01-19T10:35:57","modified_gmt":"2026-01-19T10:35:57","slug":"6-renk-sert-balmumu-ten-renkleri-blok-pastel-boya-seti","status":"publish","type":"product","link":"https:\/\/colorz.com.tr\/colorz\/?product=6-renk-sert-balmumu-ten-renkleri-blok-pastel-boya-seti","title":{"rendered":"6 RENK SERT BALMUMU TEN RENKLER\u0130 BLOK PASTEL BOYA SET\u0130"},"content":{"rendered":"<p>6 Ten Renginden Olu\u015fan Do\u011fal Balmumu Sert Blok Pastel Boya Setimiz Sizlerle.<\/p>\n<p>Tamamen do\u011fal mumlardan \u00fcretilmi\u015ftir.<\/p>\n<p>Petrol mumu ve t\u00fcrevleri i\u00e7ermez.<\/p>\n<p>Sert bir yap\u0131ya sahiptir.<\/p>\n<p>Ka\u011f\u0131t \u00fczerinde ince bir tabaka halinde kalabilmesi ve di\u011fer ana renklerle kar\u0131\u015f\u0131p ara tonlar\u0131 olu\u015fturabilmesi i\u00e7in y\u00fcksek kalite ince sentetik pigmentler kullan\u0131lm\u0131\u015ft\u0131r.<\/p>\n<p>Setimizdeki temel renkler ka\u011f\u0131t \u00fczerinde birbirine kolayca kar\u0131\u015f\u0131r ve ara tonlar elde edilebilir.<\/p>\n<p>Sert balmumu boyalar\u0131m\u0131z ele bula\u015fmaz. Uyguland\u0131\u011f\u0131 alandan da ele ve\/veya etrafa bula\u015fmaz.<\/p>\n<p>\u00dcr\u00fcn\u00fcm\u00fcz EN 71 testlerini ba\u015far\u0131yla ge\u00e7mi\u015ftir.<\/p>\n<p>G\u00fcvenle kullanabilirsiniz.<\/p>\n","protected":false},"excerpt":{"rendered":"<p>6 Ten Renginden Olu\u015fan Do\u011fal Balmumu Sert Blok Pastel Boya Setimiz Sizlerle.<\/p>\n<p>Tamamen do\u011fal mumlardan \u00fcretilmi\u015ftir.<\/p>\n<p>Petrol mumu ve t\u00fcrevleri i\u00e7ermez.<\/p>\n<p>Sert bir yap\u0131ya sahiptir.<\/p>\n<p>Ka\u011f\u0131t \u00fczerinde ince bir tabaka halinde kalabilmesi ve di\u011fer ana renklerle kar\u0131\u015f\u0131p ara tonlar\u0131 olu\u015fturabilmesi i\u00e7in y\u00fcksek kalite ince sentetik pigmentler kullan\u0131lm\u0131\u015ft\u0131r.<\/p>\n<p>Setimizdeki temel renkler ka\u011f\u0131t \u00fczerinde birbirine kolayca kar\u0131\u015f\u0131r ve ara tonlar elde edilebilir.<\/p>\n<p>Sert balmumu boyalar\u0131m\u0131z ele bula\u015fmaz. Uyguland\u0131\u011f\u0131 alandan da ele ve\/veya etrafa bula\u015fmaz.<\/p>\n<p>\u00dcr\u00fcn\u00fcm\u00fcz EN 71 testlerini ba\u015far\u0131yla ge\u00e7mi\u015ftir.<\/p>\n<p>G\u00fcvenle kullanabilirsiniz.<\/p>\n","protected":false},"featured_media":5564,"template":"","meta":{"site-sidebar-layout":"default","site-content-layout":"default","ast-site-content-layout":"default","site-content-style":"default","site-sidebar-style":"default","ast-global-header-display":"","ast-banner-title-visibility":"","ast-main-header-display":"","ast-hfb-above-header-display":"","ast-hfb-below-header-display":"","ast-hfb-mobile-header-display":"","site-post-title":"","ast-breadcrumbs-content":"","ast-featured-img":"","footer-sml-layout":"","theme-transparent-header-meta":"default","adv-header-id-meta":"","stick-header-meta":"","header-above-stick-meta":"","header-main-stick-meta":"","header-below-stick-meta":"","astra-migrate-meta-layouts":"default","ast-page-background-enabled":"default","ast-page-background-meta":{"desktop":{"background-color":"","background-image":"","background-repeat":"repeat","background-position":"center center","background-size":"auto","background-attachment":"scroll","background-type":"","background-media":"","overlay-type":"","overlay-color":"","overlay-opacity":"","overlay-gradient":""},"tablet":{"background-color":"","background-image":"","background-repeat":"repeat","background-position":"center center","background-size":"auto","background-attachment":"scroll","background-type":"","background-media":"","overlay-type":"","overlay-color":"","overlay-opacity":"","overlay-gradient":""},"mobile":{"background-color":"","background-image":"","background-repeat":"repeat","background-position":"center center","background-size":"auto","background-attachment":"scroll","background-type":"","background-media":"","overlay-type":"","overlay-color":"","overlay-opacity":"","overlay-gradient":""}},"ast-content-background-meta":{"desktop":{"background-color":"var(--ast-global-color-5)","background-image":"","background-repeat":"repeat","background-position":"center center","background-size":"auto","background-attachment":"scroll","background-type":"","background-media":"","overlay-type":"","overlay-color":"","overlay-opacity":"","overlay-gradient":""},"tablet":{"background-color":"var(--ast-global-color-5)","background-image":"","background-repeat":"repeat","background-position":"center center","background-size":"auto","background-attachment":"scroll","background-type":"","background-media":"","overlay-type":"","overlay-color":"","overlay-opacity":"","overlay-gradient":""},"mobile":{"background-color":"var(--ast-global-color-5)","background-image":"","background-repeat":"repeat","background-position":"center center","background-size":"auto","background-attachment":"scroll","background-type":"","background-media":"","overlay-type":"","overlay-color":"","overlay-opacity":"","overlay-gradient":""}}},"product_brand":[],"product_cat":[68,75,77,72,60],"product_tag":[65,63],"class_list":{"0":"post-170","1":"product","2":"type-product","3":"status-publish","4":"has-post-thumbnail","6":"product_cat-cocuk","7":"product_cat-one-cikanlar","8":"product_cat-tum-urunler","9":"product_cat-waldorfsanaturunleri","10":"product_cat-pastel-boya","11":"product_tag-blok-seklinde-boya","12":"product_tag-pastel-boya","13":"desktop-align-center","14":"tablet-align-center","15":"mobile-align-center","17":"first","18":"instock","19":"taxable","20":"shipping-taxable","21":"purchasable","22":"product-type-simple"},"_links":{"self":[{"href":"https:\/\/colorz.com.tr\/colorz\/index.php?rest_route=\/wp\/v2\/product\/170","targetHints":{"allow":["GET"]}}],"collection":[{"href":"https:\/\/colorz.com.tr\/colorz\/index.php?rest_route=\/wp\/v2\/product"}],"about":[{"href":"https:\/\/colorz.com.tr\/colorz\/index.php?rest_route=\/wp\/v2\/types\/product"}],"wp:featuredmedia":[{"embeddable":true,"href":"https:\/\/colorz.com.tr\/colorz\/index.php?rest_route=\/wp\/v2\/media\/5564"}],"wp:attachment":[{"href":"https:\/\/colorz.com.tr\/colorz\/index.php?rest_route=%2Fwp%2Fv2%2Fmedia&parent=170"}],"wp:term":[{"taxonomy":"product_brand","embeddable":true,"href":"https:\/\/colorz.com.tr\/colorz\/index.php?rest_route=%2Fwp%2Fv2%2Fproduct_brand&post=170"},{"taxonomy":"product_cat","embeddable":true,"href":"https:\/\/colorz.com.tr\/colorz\/index.php?rest_route=%2Fwp%2Fv2%2Fproduct_cat&post=170"},{"taxonomy":"product_tag","embeddable":true,"href":"https:\/\/colorz.com.tr\/colorz\/index.php?rest_route=%2Fwp%2Fv2%2Fproduct_tag&post=170"}],"curies":[{"name":"wp","href":"https:\/\/api.w.org\/{rel}","templated":true}]}}